{"id":298,"date":"2021-06-19T13:01:05","date_gmt":"2021-06-19T11:01:05","guid":{"rendered":"https:\/\/www.hotelreallosbarrios.es\/web\/?page_id=298"},"modified":"2021-12-02T18:47:24","modified_gmt":"2021-12-02T17:47:24","slug":"cookies","status":"publish","type":"page","link":"https:\/\/www.hotelreallosbarrios.es\/web\/cookies\/","title":{"rendered":"Pol\u00edtica de cookies"},"content":{"rendered":"\n<div class=\"wp-block-themeisle-blocks-advanced-columns has-1-columns has-desktop-equal-layout has-tablet-equal-layout has-mobile-equal-layout has-default-gap has-vertical-unset\" id=\"wp-block-themeisle-blocks-advanced-columns-e62b161e\"><div class=\"wp-block-themeisle-blocks-advanced-columns-overlay\"><\/div><div class=\"innerblocks-wrap\">\n<div class=\"wp-block-themeisle-blocks-advanced-column\" id=\"wp-block-themeisle-blocks-advanced-column-e2157759\">\n<p>Hotel Real Los Barrios, S.L. (en adelante, el Hotel), cumple con lo dispuesto en las obligaciones previstas en el apartado segundo del art\u00edculo 22 de la Ley 34\/2002, de11 de julio, de servicios de la sociedad de la informaci\u00f3n y de comercio electr\u00f3nico (en adelante, LSSI), en relaci\u00f3n con el Reglamento(UE) 2016\/679 del Parlamento Europeo y del Consejo, de 27 de abril de 2016, General de Protecci\u00f3n de Datos (en adelante, RGPD) y la Ley Org\u00e1nica 3\/2018, de 5 de diciembre, de Protecci\u00f3n de Datos y garant\u00eda de los derechos digitales (en adelante, LOPDGDD).<\/p>\n\n\n\n<p>El Sitio Web&nbsp;<a href=\"http:\/\/www.hotelreallosbarrios.es\/\">www.hotelreallosbarrios.es<\/a>&nbsp;&nbsp;&nbsp;utiliza cookies y\/o tecnolog\u00edas similares que almacenan y recuperan informaci\u00f3n cuando navega. En general, estas tecnolog\u00edas pueden servir para finalidades muy diversas, como, por ejemplo, reconocerle como usuario, obtener informaci\u00f3n sobre sus h\u00e1bitos de navegaci\u00f3n, o personalizar la forma en que se muestra el contenido. Los usos concretos que se hacen de estas tecnolog\u00edas se describen a continuaci\u00f3n.<\/p>\n\n\n\n<p>La presente Pol\u00edtica de Cookies tiene por finalidad informarle de manera clara y precisa sobre las cookies que existen en el Sitio Web.<\/p>\n\n\n\n<p><strong>1. \u00bfQU\u00c9 SON LAS COOKIES? DEFINICI\u00d3N Y FUNCI\u00d3N GEN\u00c9RICA DE LAS COOKIES<\/strong><\/p>\n\n\n\n<p>Las cookies son ficheros que se almacenan en el ordenador del Usuario que navega a trav\u00e9s de Internet y que, en particular, contiene un n\u00famero que permite identificar un\u00edvocamente el ordenador del usuario, aunque \u00e9ste cambie de localizaci\u00f3n o de direcci\u00f3n IP.<\/p>\n\n\n\n<p>Las cookies son instaladas durante la navegaci\u00f3n por Internet, bien por los sitios web que visita o bien por terceros con los que se relaciona el Sitio Web, y permiten, entre otras cosas, almacenar y recuperar informaci\u00f3n sobre sus h\u00e1bitos de navegaci\u00f3n o de su equipo y, dependiendo de la informaci\u00f3n que contengan y de la forma en que utilice su equipo, pueden utilizarse para reconocerle.<\/p>\n\n\n\n<p><strong>1.1.Tipos de cookies<\/strong><\/p>\n\n\n\n<p><strong>1.1.2. Cookies seg\u00fan entidad que las gestiona.<\/strong><\/p>\n\n\n\n<p>Seg\u00fan qui\u00e9n sea la entidad que gestione el equipo o dominio desde donde se env\u00edan las cookies y trate los datos que se obtengan, se distinguen dos tipos:<\/p>\n\n\n\n<ul class=\"wp-block-list\"><li>Cookies propias: aquellas que se env\u00edan al equipo terminal del usuario desde un equipo o dominio gestionado por el propio editor y desde el que se presta el servicio solicitado por el usuario.<\/li><li>Cookies de terceros: aquellas que se env\u00edan al equipo terminal del usuario desde un equipo o dominio que no es gestionado por el editor, sino por otra entidad que trata los datos obtenidos trav\u00e9s de las cookies.<\/li><\/ul>\n\n\n\n<p>En el caso de que las cookies sean instaladas desde un equipo o dominio gestionado por el propio editor, pero la informaci\u00f3n que se recoja mediante \u00e9stas sea gestionada por un tercero, no pueden ser consideradas como cookies propias.<\/p>\n\n\n\n<p><strong>1.1.3. Cookies seg\u00fan el plazo de tiempo que permanecen activadas.<\/strong><\/p>\n\n\n\n<p>Existe tambi\u00e9n una segunda clasificaci\u00f3n seg\u00fan el plazo de tiempo que permanecen activadas en el equipo terminal, pudiendo tratarse de:<\/p>\n\n\n\n<ul class=\"wp-block-list\"><li>Cookies de sesi\u00f3n: son aquellas dise\u00f1adas para recabar y almacenar datos mientras el usuario accede a una p\u00e1gina web. Se suelen emplear para almacenar informaci\u00f3n que solo interesa conservar para la prestaci\u00f3n del servicio solicitado por el usuario en una sola ocasi\u00f3n (por ejemplo, una lista de productos adquiridos) y desaparecen al terminar la sesi\u00f3n.<\/li><li>Cookies persistentes: son aquellas en las que los datos siguen almacenados en el terminal y pueden ser accedidos y tratados durante un periodo definido por el responsable de la cookie, y que puede ir de unos minutos a varios a\u00f1os.<\/li><\/ul>\n\n\n\n<p><strong>1.1.4. Cookies seg\u00fan su finalidad.<\/strong><\/p>\n\n\n\n<p>Por \u00faltimo, existe otras tipolog\u00edas de cookies a t\u00edtulo orientativo por ser las m\u00e1s habituales seg\u00fan la finalidad para la que se traten los datos obtenidos:<\/p>\n\n\n\n<ul class=\"wp-block-list\"><li>Cookies t\u00e9cnicas: son aquellas que permiten al usuario la navegaci\u00f3n a trav\u00e9s de una p\u00e1gina web, plataforma o aplicaci\u00f3n y la utilizaci\u00f3n de las diferentes opciones o servicios que en ella existan, incluyendo aquellas que el editor utiliza para permitir la gesti\u00f3n y operativa de la p\u00e1gina web y habilitar sus funciones y servicios, como, por ejemplo, controlar el tr\u00e1fico y la comunicaci\u00f3n de datos, identificar la sesi\u00f3n, acceder a partes de acceso restringido, recordar los elementos que integran un pedido, realizar el proceso de compra de un pedido, gestionar el pago, controlar el fraude vinculado a la seguridad del servicio, realizar la solicitud de inscripci\u00f3n o participaci\u00f3n en un evento, contar visitas a efectos de la facturaci\u00f3n de licencias del software con el que funciona servicio (sitio web, plataforma o aplicaci\u00f3n),utilizar elementos de seguridad durante la navegaci\u00f3n, almacenar contenidos parala difusi\u00f3n de v\u00eddeos o sonido, habilitar contenidos din\u00e1micos (por ejemplo, animaci\u00f3n de carga de un texto o imagen) o compartir contenidos a trav\u00e9s de redes sociales.<\/li><li>Cookies de preferencias o de personalizaci\u00f3n: son aquellas que permiten recordar informaci\u00f3n para que el usuario acceda al servicio con determinadas caracter\u00edsticas que pueden diferenciar su experiencia de la de otros usuarios, como, por ejemplo, el idioma, el n\u00famero de resultados a mostrar cuando el usuario realiza una b\u00fasqueda, el aspecto o contenido del servicio en funci\u00f3n del tipo de navegador a trav\u00e9s del cual el usuario accede al servicio o de la regi\u00f3n desde la que accede al servicio, etc.<\/li><li>Cookies de an\u00e1lisis o medici\u00f3n: permiten al responsable de las mismas, el seguimiento y an\u00e1lisis del comportamiento de los usuarios de los sitios web a los que est\u00e1n vinculadas incluida la cuantificaci\u00f3n de los impactos de los anuncios. La informaci\u00f3n recogida mediante este tipo de cookies se utiliza en la medici\u00f3n de la actividad de los sitios web, aplicaci\u00f3n o plataforma y para la elaboraci\u00f3n de perfiles de navegaci\u00f3n de los usuarios de dichos sitios, aplicaciones y plataformas, con el fin de introducir mejoras en funci\u00f3n del an\u00e1lisis de los datos de uso que hacen los usuarios del servicio.<\/li><li>Cookies publicitarias: permiten la gesti\u00f3n, de la forma m\u00e1s eficaz posible, de los espacios publicitarios.<\/li><li>Cookies de publicidad comportamental: almacenan informaci\u00f3n del comportamiento de los usuarios obtenida a trav\u00e9s de la observaci\u00f3n continuada de sus h\u00e1bitos de navegaci\u00f3n, lo que permite desarrollar un perfil espec\u00edfico para mostrar publicidad en funci\u00f3n del mismo.<\/li><li>Cookies de redes sociales externas: se utilizan para que los visitantes puedan interactuar con el contenido de diferentes plataformas sociales (Facebook, YouTube, Twitter, LinkedIn, etc..) y que se generen \u00fanicamente para los usuarios de dichas redes sociales. Las condiciones de utilizaci\u00f3n de estas cookies y la informaci\u00f3n recopilada se regulan por la pol\u00edtica de privacidad de la plataforma social correspondiente.<\/li><\/ul>\n\n\n\n<p><strong>2. \u00bfQU\u00c9 TIPO DE COOKIES SE PUEDEN INSTALAR Y CU\u00c1L ES SU FINALIDAD?<\/strong><\/p>\n\n\n\n<p>La navegaci\u00f3n por este Sitio Web implica que se puedan instalar cookies directamente por&nbsp;el Hotel&nbsp;o bien por entidades externas, seg\u00fan lo detallado a continuaci\u00f3n:<\/p>\n\n\n\n<figure class=\"wp-block-table\"><table><tbody><tr><td><a><strong>Tipo de cookie<\/strong><\/a><\/td><td><strong>Descripci\u00f3n<\/strong><\/td><td><strong>Finalidad<\/strong><\/td><td><strong>Plazo de tratamiento<\/strong><\/td><\/tr><tr><td>Rendimiento<\/td><td>Estas Cookies se utilizan para mejorar la navegaci\u00f3n y optimizar el funcionamiento de los servicios. Almacenan configuraciones para que no tenga que reconfigurarlos cada vez que visite el sitio web<\/td><td>Ajustes de volumen de reproductores de v\u00eddeo o sonido; las velocidades de transmisi\u00f3n de v\u00eddeo que sean compatibles con su navegador, etc.<\/td><td>Persistentes<\/td><\/tr><tr><td>Anal\u00edticas<\/td><td>Cada vez que un usuario visita un Servicio, una herramienta de un proveedor externo genera una Cookie anal\u00edtica en su ordenador. Esta Cookie, que s\u00f3lo se genera en la visita, servir\u00e1 en pr\u00f3ximas visitas a los servicios para identificar de forma an\u00f3nima al visitante.<\/td><td>Permitir la identificaci\u00f3n an\u00f3nima de los usuarios navegantes (identifica navegadores y dispositivos, no personas) y por lo tanto la contabilizaci\u00f3n aproximada del n\u00famero de visitantes y su tendencia en el tiempo. Identificar de forma an\u00f3nima los contenidos m\u00e1s visitados y atractivos para los usuarios. Saber si el usuario que est\u00e1 accediendo es nuevo o repite visita. Salvo que el usuario decida registrarse en un servicio del Responsable, la \u201cCookie\u201d nunca ir\u00e1 asociada a ning\u00fan dato de car\u00e1cter personal que pueda identificarle directamente. Dichas Cookies s\u00f3lo ser\u00e1n utilizadas con prop\u00f3sitos estad\u00edsticos que ayuden a la optimizaci\u00f3n y mejora de la experiencia de los usuarios en el Servicio.<\/td><td>Persistentes<\/td><\/tr><tr><td>Publicidad propia<\/td><td>Este tipo de Cookies permiten ampliar la informaci\u00f3n de los anuncios mostrados a cada usuario an\u00f3nimo en los servicios.<\/td><td>Entre otros, se almacena la duraci\u00f3n o frecuencia de visualizaci\u00f3n de posiciones publicitarias, la interacci\u00f3n con las mismas, o los patrones de navegaci\u00f3n y\/o comportamientos del usuario ya que ayudan a conformar un perfil de inter\u00e9s publicitario. De este modo, permiten ofrecer publicidad af\u00edn a los intereses del usuario.<\/td><td>Persistentes<\/td><\/tr><\/tbody><\/table><\/figure>\n\n\n\n<figure class=\"wp-block-table\"><table><tbody><tr><td>Publicidad de terceros<\/td><td>Adem\u00e1s de la publicidad gestionada por los servicios propios, el Responsable ofrece a sus anunciantes la opci\u00f3n de servir anuncios a trav\u00e9s de terceros (\u201cAd-Servers\u201d).<\/td><td>De este modo, anunciantes, operadores publicitarios y otros intermediarios pueden almacenar cookies a trav\u00e9s de los Servicios en los navegadores o aplicaciones de los usuarios, as\u00ed como acceder a los datos que en ellas se guardan. Las empresas que generan estas Cookies tienen sus propias pol\u00edticas de privacidad.<\/td><td>Persistentes<\/td><\/tr><tr><td>Publicidad comportamental<\/td><td>Modelo publicitario basado en el comportamiento del consumidor para el cual una Cookie recaba informaci\u00f3n an\u00f3nima sobre h\u00e1bitos de navegaci\u00f3n.<\/td><td>La finalidad es ofrecer al usuario publicidad acorde con sus intereses.<\/td><td>Persistentes<\/td><\/tr><\/tbody><\/table><\/figure>\n\n\n\n<p><strong>3. INFORMACI\u00d3N SOBRE C\u00d3MO ACEPTAR, DENEGAR, REVOCAR EL CONSENTIMIENTO O ELIMINAR LAS COOKIES<\/strong><\/p>\n\n\n\n<p>Tiene la opci\u00f3n de permitir o bloquear las cookies, as\u00ed como borrar sus datos de navegaci\u00f3n (incluidas las cookies) desde el navegador que utilice. Consulte las opciones e instrucciones que ofrece su navegador para ello. Tenga en cuenta que, si acepta las cookies de terceros, deber\u00e1 eliminarlas desde las opciones del navegador. La forma de deshabilitarlas es diferente para cada navegador, pero normalmente puede hacerse desde el men\u00fa Herramientas u Opciones. Tambi\u00e9n puede consultar el men\u00fa de Ayuda del navegador donde encontrar\u00e1 todas las instrucciones.<\/p>\n\n\n\n<p>Podr\u00e1 elegir en cualquier momento qu\u00e9 cookies desea que funcionen en este Sitio Web.<\/p>\n\n\n\n<p>En los siguientes enlaces tiene a su disposici\u00f3n toda la informaci\u00f3n para configurar o deshabilitar las cookies en cada navegador:<\/p>\n\n\n\n<ul class=\"wp-block-list\"><li><a href=\"https:\/\/support.microsoft.com\/es-es\/topic\/eliminar-y-administrar-cookies-168dab11-0753-043d-7c16-ede5947fc64d#ie=ie-11\">Internet Explorer&nbsp;<\/a><\/li><li><a href=\"https:\/\/support.microsoft.com\/es-es\/windows\/microsoft-edge-datos-de-exploraci%C3%B3n-y-privacidad-bb8174ba-9d73-dcf2-9b4a-c582b4e640dd\">Microsoft Edge&nbsp;<\/a><\/li><li><a href=\"https:\/\/support.mozilla.org\/es\/kb\/Borrar%20cookies\">Firefox&nbsp;<\/a><\/li><li><a href=\"https:\/\/support.google.com\/chrome\/answer\/95647?hl=es\">Chrome<\/a><\/li><li><a href=\"https:\/\/support.apple.com\/es-es\/guide\/safari\/sfri11471\/mac\">Safari<\/a><\/li><\/ul>\n\n\n\n<p>Existe un complemento de inhabilitaci\u00f3n de las cookies de Google Analytics para los navegadores m\u00e1s habituales (Microsoft Internet Explorer, Google Chrome, Mozilla Firefox, Apple Safari y Opera) que facilita la exclusi\u00f3n de la instalaci\u00f3n de estas cookies.<\/p>\n\n\n\n<p>Puede encontrar m\u00e1s informaci\u00f3n en&nbsp;&nbsp;<a href=\"https:\/\/tools.google.com\/dlpage\/gaoptout?hl=es\">https:\/\/tools.google.com\/dlpage\/gaoptout?hl=es<\/a><\/p>\n\n\n\n<p>Adem\u00e1s, tambi\u00e9n puede gestionar el almac\u00e9n de cookies en su navegador a trav\u00e9s de herramientas como las siguientes:<\/p>\n\n\n\n<ul class=\"wp-block-list\"><li>Ghostery:&nbsp;<a href=\"http:\/\/www.ghostery.com\/\">www.ghostery.com\/<\/a>&nbsp;&nbsp;&nbsp;<\/li><li>Your online choices:&nbsp;<a href=\"http:\/\/www.youronlinechoices.com\/es\/\">www.youronlinechoices.com\/es\/<\/a><\/li><\/ul>\n\n\n\n<p><strong>3.1. Informaci\u00f3n sobre transferencia de datos a terceros pa\u00edses.<\/strong><\/p>\n\n\n\n<p>Puede informarse de las transferencias a terceros pa\u00edses que, en su caso, realizan los terceros identificados en esta pol\u00edtica de cookies en sus correspondientes pol\u00edticas (ver los enlaces facilitados).<\/p>\n\n\n\n<p><strong>4. \u00bfQU\u00c9 OCURRE SI RECHAZA LA INSTALACI\u00d3N DE COOKIES?<\/strong><\/p>\n\n\n\n<p>En este caso podr\u00e1 seguir navegando, aunque el uso de algunos de los servicios podr\u00e1 ser limitado o bien no pueda acceder y por tanto su experiencia en el Sitio Web resultar\u00e1 menos satisfactoria. Podr\u00e1 rechazarlas en cualquier momento.&nbsp;&nbsp;<\/p>\n\n\n\n<p><strong>5. CONSENTIMIENTO<\/strong><\/p>\n\n\n\n<p>Ante esta informaci\u00f3n es posible llevar a cabo las siguientes acciones:<\/p>\n\n\n\n<p><strong>POL\u00cdTICA DE COOKIES:<\/strong>&nbsp;enlaza a la presente pol\u00edtica de cookies donde se le facilita toda la informaci\u00f3n necesaria. As\u00ed tambi\u00e9n se le informa de c\u00f3mo poder modificar la configuraci\u00f3n de las cookies en su navegador o c\u00f3mo rechazar las que desee.&nbsp;<\/p>\n\n\n\n<p><strong>ACEPTAR COOKIES:&nbsp;<\/strong>&nbsp;se aceptar\u00e1n todas las cookies mencionadas. No se volver\u00e1 a visualizar el aviso durante la presente sesi\u00f3n en el navegador.<\/p>\n\n\n\n<p><strong>RECHAZAR:<\/strong>&nbsp;se instalar\u00e1n \u00fanicamente aquellas cookies que son estrictamente necesarias o imprescindibles para el correcto funcionamiento de la p\u00e1gina.<\/p>\n\n\n\n<p>Si desea revocar el consentimiento prestado o realizar alguna pregunta sobre la Pol\u00edtica de Cookies del Sitio Web, se puede poner en contacto con el Hotel a trav\u00e9s del correo electr\u00f3nico&nbsp;<a href=\"mailto:hotelreallosbarrios@gmail.com\">hotelreallosbarrios@gmail.com<\/a>&nbsp;indicando en el asunto \u201cPol\u00edtica de Cookies\u201d.<\/p>\n\n\n\n<p>Con relaci\u00f3n al resto de informaci\u00f3n exigida por la normativa de protecci\u00f3n de datos puede consultarla en la POL\u00cdTICA DE PRIVACIDAD del sitio web.&nbsp;<\/p>\n<\/div>\n<\/div><\/div>\n","protected":false},"excerpt":{"rendered":"","protected":false},"author":1,"featured_media":0,"parent":0,"menu_order":0,"comment_status":"closed","ping_status":"closed","template":"","meta":{"neve_meta_sidebar":"full-width","neve_meta_container":"","neve_meta_enable_content_width":"on","neve_meta_content_width":100,"neve_meta_title_alignment":"","neve_meta_author_avatar":"","neve_post_elements_order":"","neve_meta_disable_header":"","neve_meta_disable_footer":"","neve_meta_disable_title":"","neve_meta_reading_time":"","_themeisle_gutenberg_block_has_review":false,"footnotes":""},"class_list":["post-298","page","type-page","status-publish","hentry"],"jetpack_sharing_enabled":true,"_links":{"self":[{"href":"https:\/\/www.hotelreallosbarrios.es\/web\/wp-json\/wp\/v2\/pages\/298","targetHints":{"allow":["GET"]}}],"collection":[{"href":"https:\/\/www.hotelreallosbarrios.es\/web\/wp-json\/wp\/v2\/pages"}],"about":[{"href":"https:\/\/www.hotelreallosbarrios.es\/web\/wp-json\/wp\/v2\/types\/page"}],"author":[{"embeddable":true,"href":"https:\/\/www.hotelreallosbarrios.es\/web\/wp-json\/wp\/v2\/users\/1"}],"replies":[{"embeddable":true,"href":"https:\/\/www.hotelreallosbarrios.es\/web\/wp-json\/wp\/v2\/comments?post=298"}],"version-history":[{"count":3,"href":"https:\/\/www.hotelreallosbarrios.es\/web\/wp-json\/wp\/v2\/pages\/298\/revisions"}],"predecessor-version":[{"id":309,"href":"https:\/\/www.hotelreallosbarrios.es\/web\/wp-json\/wp\/v2\/pages\/298\/revisions\/309"}],"wp:attachment":[{"href":"https:\/\/www.hotelreallosbarrios.es\/web\/wp-json\/wp\/v2\/media?parent=298"}],"curies":[{"name":"wp","href":"https:\/\/api.w.org\/{rel}","templated":true}]}}