{"id":257,"date":"2021-06-10T21:17:22","date_gmt":"2021-06-10T19:17:22","guid":{"rendered":"https:\/\/www.hotelreallosbarrios.es\/web\/?page_id=257"},"modified":"2021-12-02T18:50:24","modified_gmt":"2021-12-02T17:50:24","slug":"privacidad","status":"publish","type":"page","link":"https:\/\/www.hotelreallosbarrios.es\/web\/privacidad\/","title":{"rendered":"Pol\u00edtica de privacidad"},"content":{"rendered":"\n<div class=\"wp-block-themeisle-blocks-advanced-columns has-1-columns has-desktop-equal-layout has-tablet-equal-layout has-mobile-equal-layout has-default-gap has-vertical-unset\" id=\"wp-block-themeisle-blocks-advanced-columns-ea776efe\"><div class=\"wp-block-themeisle-blocks-advanced-columns-overlay\"><\/div><div class=\"innerblocks-wrap\">\n<div class=\"wp-block-themeisle-blocks-advanced-column\" id=\"wp-block-themeisle-blocks-advanced-column-386ab48b\">\n<p>La presente pol\u00edtica de privacidad tiene como finalidad informarle del tratamiento que se har\u00e1 de los datos personales que facilite o vaya a facilitar en su navegaci\u00f3n en este sitio web. As\u00ed mismo, recoge la pol\u00edtica de protecci\u00f3n de datos, para los casos en que se haga una remisi\u00f3n expresa a la misma.&nbsp;&nbsp;<\/p>\n\n\n\n<p><strong>1. RESPONSABLE DEL TRATAMIENTO&nbsp;<\/strong><\/p>\n\n\n\n<ul class=\"wp-block-list\"><li>El Responsable del tratamiento y entidad titular del dominio&nbsp;<a href=\"http:\/\/www.hotelreallosbarrios.es\/\">www.hotelreallosbarrios.es<\/a>&nbsp;(en adelante, el Sitio Web), es Hotel Real Los Barrios, S.L. (en adelante, el Hotel),&nbsp;con domicilio en&nbsp;Avda. Pablo Picasso, 7, 11370-Los Barrios (C\u00e1diz-Espa\u00f1a), y<strong>&nbsp;con CIF B<\/strong>11296654<strong><\/strong><\/li><li>Datos de contacto:&nbsp;<\/li><li>Tel\u00e9fono:&nbsp;(+34) 956 620 024<\/li><li>Correo electr\u00f3nico:&nbsp;<a href=\"mailto:hotelreallosbarrios@gmail.com\">hotelreallosbarrios@gmail.com<\/a><\/li><\/ul>\n\n\n\n<p><strong>2. FINALIDAD DEL TRATAMIENTO Y LEGITIMACI\u00d3N<\/strong><\/p>\n\n\n\n<p>Los datos que&nbsp;&nbsp;facilite tienen como finalidad:&nbsp;<\/p>\n\n\n\n<ol class=\"wp-block-list\" type=\"a\"><li>Remitirle la informaci\u00f3n solicitada y resolver las consultas que realice a trav\u00e9s del apartado de contacto puesto a su disposici\u00f3n en el sitio Web. La base de legitimaci\u00f3n es el consentimiento prestado.<\/li><li>Responder a las consultas que realice en relaci\u00f3n con el ejercicio de los derechos sobre los que se le informa m\u00e1s adelante. La base de legitimaci\u00f3n es el cumplimiento de obligaciones legales por parte del Hotel.<\/li><\/ol>\n\n\n\n<p>En el cumplimiento de estas obligaciones, sus datos podr\u00e1n ser comunicados a las Administraciones P\u00fablicas y Tribunales, siempre que tal informaci\u00f3n sea requerida conforme a los procesos legales establecidos.<\/p>\n\n\n\n<ul class=\"wp-block-list\"><li>Si remite su curr\u00edculum\u00a0est\u00e1 autorizando al Hotel a analizar los datos y documentos contenidos en el mismo. Ser\u00e1 conservado durante el plazo m\u00e1ximo de un a\u00f1o, salvo que\u00a0\u00a0manifieste lo contrario.\u00a0La base de legitimaci\u00f3n es el consentimiento prestado.<\/li><\/ul>\n\n\n\n<ul class=\"wp-block-list\"><li>Si lo autoriza expresamente, el Hotel le podr\u00e1 enviar informaci\u00f3n relacionada con su actividad, a trav\u00e9s de cualquier medio electr\u00f3nico, incluso remisi\u00f3n de newsletter.&nbsp;Dicha informaci\u00f3n se conservar\u00e1&nbsp;mientras no solicite su supresi\u00f3n.&nbsp;La base de legitimaci\u00f3n es el consentimiento prestado.<\/li><\/ul>\n\n\n\n<p><strong>3. PLAZO DE CONSERVACI\u00d3N DE LOS DATOS.<\/strong><\/p>\n\n\n\n<p>Los datos que facilite se conservar\u00e1n mientras exista un inter\u00e9s mutuo para mantener el fin del tratamiento. Ser\u00e1n bloqueados cuando hayan dejado de ser necesarios para la finalidad para la que fueron recabados o cuando haya ejercido su derecho de supresi\u00f3n, cancelaci\u00f3n y\/o limitaci\u00f3n del tratamiento. Transcurrido este per\u00edodo, ser\u00e1n suprimidos conforme a lo dispuesto en la normativa de protecci\u00f3n de datos, lo que implica su bloqueo. Quedar\u00e1n a disposici\u00f3n exclusiva de Jueces y Tribunales, el Ministerio Fiscal y las Administraciones competentes, en particular la de Protecci\u00f3n de Datos para la atenci\u00f3n de responsabilidades nacidas del tratamiento, durante el plazo de prescripci\u00f3n de estas. Cumplido el plazo indicado, se pasar\u00e1 a su destrucci\u00f3n con las medidas de seguridad adecuadas para garantizar la seudonimizaci\u00f3n o destrucci\u00f3n total de los mismos.<\/p>\n\n\n\n<p>Adem\u00e1s del tratamiento general del punto anterior, se observar\u00e1 el plazo de conservaci\u00f3n de cuatro a\u00f1os (Art. 66 y siguientes de la Ley General Tributaria), y de seis sobre los libros de contabilidad y facturas (Art. 30 del C\u00f3digo de Comercio)<\/p>\n\n\n\n<p><strong>4. SUS DERECHOS&nbsp;&nbsp;<\/strong><\/p>\n\n\n\n<p>La normativa de protecci\u00f3n de datos le confiere los siguientes derechos en relaci\u00f3n con el tratamiento de datos personales:<\/p>\n\n\n\n<ul class=\"wp-block-list\"><li>&nbsp;acceder a sus datos personales para saber cu\u00e1les est\u00e1n siendo objeto de tratamiento y las operaciones de tratamiento llevadas a cabo con ellos.<\/li><\/ul>\n\n\n\n<p>Para el ejercicio de estos derechos, deber\u00e1 remitir una solicitud expresa, junto a una copia de su DNI o documento acreditativo equivalente y en vigor, a trav\u00e9s de los siguientes medios: &nbsp;<\/p>\n\n\n\n<ul class=\"wp-block-list\"><li>CORREO ELECTR\u00d3NICO dirigido a la direcci\u00f3n\u00a0<a href=\"mailto:hotelreallosbarrios@gmail.com\">hotelreallosbarrios@gmail.com<\/a>\u00a0\u00a0con\u00a0\u00a0asunto\u00a0<strong>Protecci\u00f3n de Datos<\/strong>. Este env\u00edo deber\u00e1 realizarlo desde la direcci\u00f3n de correo electr\u00f3nico que incluy\u00f3 en el formulario. En caso contrario, no le ser\u00e1n mostrados, por no considerar suficientemente probada su identidad.<\/li><li>POR CORREO POSTAL: Dirigido a la direcci\u00f3n\u00a0Avda. Pablo Picasso, 7,\u00a0\u00a011370-Los Barrios (C\u00e1diz-Espa\u00f1a).<\/li><\/ul>\n\n\n\n<p>Si ante la solicitud realizada no recibiera respuesta en tiempo y forma por parte del Hotel, o no encontrara esta satisfactoria, se informa que la autoridad de control competente es la Agencia Espa\u00f1ola de Protecci\u00f3n de Datos (<a href=\"http:\/\/www.aepd.es\/\">www.aepd.es<\/a>&nbsp;).&nbsp;En su p\u00e1gina web puede encontrar una serie de modelos que le ayudar\u00e1n en el ejercicio de sus derechos.<\/p>\n\n\n\n<p><strong>5. NO CESI\u00d3N DE DATOS&nbsp;&nbsp;&nbsp;<\/strong><\/p>\n\n\n\n<p>El Hotel le informa&nbsp;expresamente que sus datos personales no ser\u00e1n cedidos en ning\u00fan caso a terceros, salvo obligaci\u00f3n legal. Cualquier excepci\u00f3n a esta norma, requerir\u00e1 su previo consentimiento expreso informado, e inequ\u00edvoco.<\/p>\n\n\n\n<p><strong>6. MEDIDAS DE SEGURIDAD<\/strong><\/p>\n\n\n\n<p>El Hotel cumple con lo dispuesto en las normativas vigentes en protecci\u00f3n de datos personales (Reglamento (UE) 2016\/679 del Parlamento Europeo y del Consejo de 27 de abril de 2016 y Ley Org\u00e1nica 3\/2018, de 5 de diciembre, de Protecci\u00f3n de Datos Personales y Garant\u00eda de los Derechos Digitales) para el tratamiento de los datos personales de su responsabilidad, y manifiestamente con los principios descritos en el art\u00edculo 5 del GDPR, por los cuales son tratados de manera l\u00edcita, leal y transparente en relaci\u00f3n con el interesado, y adecuados, pertinentes y limitados a lo necesario, en relaci\u00f3n con los fines para los que son tratados.<\/p>\n\n\n\n<p>Ha implementado pol\u00edticas t\u00e9cnicas y organizativas apropiadas con el fin de proteger sus derechos y libertades, facilit\u00e1ndole toda la informaci\u00f3n necesaria para que pueda ejercer los derechos que le asisten. No obstante, debe de ser consciente que las medidas de seguridad en Internet no son inexpugnables.<\/p>\n\n\n\n<p><strong>7. MENORES DE EDAD<\/strong><\/p>\n\n\n\n<p>Los menores de edad (14 a\u00f1os) no podr\u00e1n usar los servicios disponibles a trav\u00e9s del Sitio Web sin la previa autorizaci\u00f3n de sus padres, tutores o representantes legales, quienes ser\u00e1n los \u00fanicos responsables de todos los actos realizados a trav\u00e9s del Sitio Web por los menores a su cargo, incluyendo la cumplimentaci\u00f3n de los formularios con los datos personales de dichos menores y la marcaci\u00f3n, en su caso, de las casillas que los acompa\u00f1an. El Hotel no se responsabiliza de la veracidad y exactitud de los datos que cumplimente.<\/p>\n\n\n\n<p>El tratamiento de los datos personales de un menor de edad \u00fanicamente podr\u00e1 fundarse en su consentimiento cuando sea mayor de catorce a\u00f1os.<\/p>\n\n\n\n<p>Se except\u00faan los supuestos en que la ley exija la asistencia de los titulares de la patria potestad o tutela para la celebraci\u00f3n del acto o negocio jur\u00eddico en cuyo contexto se recaba el consentimiento para el tratamiento.<\/p>\n\n\n\n<p>El tratamiento de los datos de los menores de catorce a\u00f1os, fundado en el consentimiento, solo ser\u00e1 l\u00edcito si consta el del titular de la patria potestad o tutela, con el alcance que determinen los titulares de la patria potestad o tutela.<\/p>\n\n\n\n<p><strong>8. DURACI\u00d3N Y MODIFICACI\u00d3N DE LA POL\u00cdTICA DE PRIVACIDAD<\/strong><\/p>\n\n\n\n<p>El Hotel se reserva el derecho a modificar la presente Pol\u00edtica de Privacidad , total o parcialmente, publicando los cambios en el Sitio Web. Asimismo, se podr\u00e1 cambiar, suprimir o a\u00f1adir, sin previo aviso, tanto los contenidos y servicios prestados, as\u00ed como la forma en la que estos aparezcan presentados. En consecuencia, se entender\u00e1n como vigentes, las Pol\u00edticas que est\u00e9n publicadas en el momento en el que acceda por lo que deber\u00e1 leerlas peri\u00f3dicamente.<\/p>\n\n\n\n<p>Con independencia de lo dispuesto, se podr\u00e1 dar por terminado, suspender o interrumpir, en cualquier momento sin necesidad de preaviso, el acceso a los contenidos del Sitio Web, sin posibilidad por parte del Usuario de exigir indemnizaci\u00f3n alguna.<\/p>\n<\/div>\n<\/div><\/div>\n","protected":false},"excerpt":{"rendered":"","protected":false},"author":1,"featured_media":0,"parent":0,"menu_order":0,"comment_status":"closed","ping_status":"closed","template":"","meta":{"neve_meta_sidebar":"full-width","neve_meta_container":"","neve_meta_enable_content_width":"on","neve_meta_content_width":100,"neve_meta_title_alignment":"","neve_meta_author_avatar":"","neve_post_elements_order":"","neve_meta_disable_header":"","neve_meta_disable_footer":"","neve_meta_disable_title":"","neve_meta_reading_time":"","_themeisle_gutenberg_block_has_review":false,"footnotes":""},"class_list":["post-257","page","type-page","status-publish","hentry"],"jetpack_sharing_enabled":true,"_links":{"self":[{"href":"https:\/\/www.hotelreallosbarrios.es\/web\/wp-json\/wp\/v2\/pages\/257","targetHints":{"allow":["GET"]}}],"collection":[{"href":"https:\/\/www.hotelreallosbarrios.es\/web\/wp-json\/wp\/v2\/pages"}],"about":[{"href":"https:\/\/www.hotelreallosbarrios.es\/web\/wp-json\/wp\/v2\/types\/page"}],"author":[{"embeddable":true,"href":"https:\/\/www.hotelreallosbarrios.es\/web\/wp-json\/wp\/v2\/users\/1"}],"replies":[{"embeddable":true,"href":"https:\/\/www.hotelreallosbarrios.es\/web\/wp-json\/wp\/v2\/comments?post=257"}],"version-history":[{"count":2,"href":"https:\/\/www.hotelreallosbarrios.es\/web\/wp-json\/wp\/v2\/pages\/257\/revisions"}],"predecessor-version":[{"id":311,"href":"https:\/\/www.hotelreallosbarrios.es\/web\/wp-json\/wp\/v2\/pages\/257\/revisions\/311"}],"wp:attachment":[{"href":"https:\/\/www.hotelreallosbarrios.es\/web\/wp-json\/wp\/v2\/media?parent=257"}],"curies":[{"name":"wp","href":"https:\/\/api.w.org\/{rel}","templated":true}]}}